{"id":4792,"date":"2024-11-13T13:55:54","date_gmt":"2024-11-13T12:55:54","guid":{"rendered":"https:\/\/www.expectart.eu\/?page_id=4792"},"modified":"2025-02-13T09:38:01","modified_gmt":"2025-02-13T08:38:01","slug":"publikacje","status":"publish","type":"page","link":"https:\/\/www.expectart.eu\/pl\/publikacje\/","title":{"rendered":"Publikacje"},"content":{"rendered":"\t\t<div data-elementor-type=\"wp-post\" data-elementor-id=\"4792\" class=\"elementor elementor-4792 elementor-4148\" data-elementor-post-type=\"page\">\n\t\t\t\t\t\t<section class=\"elementor-section elementor-top-section elementor-element elementor-element-a0ef262 elementor-section-height-min-height elementor-section-boxed elementor-section-height-default elementor-section-items-middle\" data-id=\"a0ef262\" data-element_type=\"section\" data-e-type=\"section\" data-settings=\"{&quot;background_background&quot;:&quot;classic&quot;}\">\n\t\t\t\t\t\t\t<div class=\"elementor-background-overlay\"><\/div>\n\t\t\t\t\t\t\t<div class=\"elementor-container elementor-column-gap-default\">\n\t\t\t\t\t<div class=\"elementor-column elementor-col-100 elementor-top-column elementor-element elementor-element-8b19411\" data-id=\"8b19411\" data-element_type=\"column\" data-e-type=\"column\">\n\t\t\t<div class=\"elementor-widget-wrap elementor-element-populated\">\n\t\t\t\t\t\t<div class=\"elementor-element elementor-element-e001e7b elementor-widget elementor-widget-heading\" data-id=\"e001e7b\" data-element_type=\"widget\" data-e-type=\"widget\" data-widget_type=\"heading.default\">\n\t\t\t\t<div class=\"elementor-widget-container\">\n\t\t\t\t\t<h1 class=\"elementor-heading-title elementor-size-default\">Publikacje<\/h1>\t\t\t\t<\/div>\n\t\t\t\t<\/div>\n\t\t\t\t\t<\/div>\n\t\t<\/div>\n\t\t\t\t\t<\/div>\n\t\t<\/section>\n\t\t\t\t<section class=\"elementor-section elementor-top-section elementor-element elementor-element-54f5dd3 elementor-section-boxed elementor-section-height-default elementor-section-height-default\" data-id=\"54f5dd3\" data-element_type=\"section\" data-e-type=\"section\">\n\t\t\t\t\t\t<div class=\"elementor-container elementor-column-gap-default\">\n\t\t\t\t\t<div class=\"elementor-column elementor-col-100 elementor-top-column elementor-element elementor-element-3bd72a8\" data-id=\"3bd72a8\" data-element_type=\"column\" data-e-type=\"column\">\n\t\t\t<div class=\"elementor-widget-wrap elementor-element-populated\">\n\t\t\t\t\t\t<div class=\"elementor-element elementor-element-405fb47 uael-post__link-complete-yes uael-equal__height-yes uael-post__cta-fullwidth-yes elementor-widget elementor-widget-uael-posts\" data-id=\"405fb47\" data-element_type=\"widget\" data-e-type=\"widget\" data-settings=\"{&quot;classic_show_filters&quot;:&quot;yes&quot;,&quot;classic_slides_to_show&quot;:3,&quot;classic_slides_to_show_tablet&quot;:2,&quot;classic_slides_to_show_mobile&quot;:1}\" data-widget_type=\"uael-posts.classic\">\n\t\t\t\t<div class=\"elementor-widget-container\">\n\t\t\t\t\t\t\t<div class=\"uael-post__header\">\n\t\t\t\t\t<div class=\"uael-post__header-filters-wrap uael-posts-tabs-dropdown\">\n\t\t\t<ul class=\"uael-post__header-filters\" aria-label=\"Taxonomy Filter\">\n\t\t\t\t<li class=\"uael-post__header-filter uael-filter__current\" data-filter=\"*\">Wszystko<\/li>\n\t\t\t\t\t\t\t\t<li class=\"uael-post__header-filter\" data-filter=\".newsletters_pol\" tabindex=\"0\">newsletters_POL<\/li>\n\t\t\t\t\t\t\t<\/ul>\n\n\t\t\t\t\t\t\t<div class=\"uael-filters-dropdown\">\n\t\t\t\t\t<div class=\"uael-filters-dropdown-button\">Wszystko<i class=\"fa fa-angle-down\"><\/i><\/div>\n\n\t\t\t\t\t<ul class=\"uael-filters-dropdown-list uael-post__header-filters\">\n\t\t\t\t\t\t<li class=\"uael-filters-dropdown-item uael-post__header-filter uael-filter__current\" data-filter=\"*\">Wszystko<\/li>\n\t\t\t\t\t\t\t\t\t\t\t\t<li class=\"uael-filters-dropdown-item uael-post__header-filter\" data-filter=\".newsletters_pol\">newsletters_POL<\/li>\n\t\t\t\t\t\t\t\t\t\t\t<\/ul>\n\t\t\t\t<\/div>\n\t\t\t\t\t<\/div>\n\t\t\t\t<\/div>\n\t\t<div class=\"uael-post__body\">\n\t\t\t\n\t\t\n\t\t<div class=\"uael-blog-terms-position-above_content uael-post-image-top uael-post-grid uael-posts\" data-query-type=\"custom\" data-structure=\"normal\" data-layout=\"\" data-page=\"4792\" data-skin=\"classic\" data-filter-default=\"Wszystko\" data-offset-top=\"30\" >\n\n\t\t\t\t\t\t\t<div class=\"uael-post-grid__inner uael-post__columns-3 uael-post__columns-tablet-2 uael-post__columns-mobile-1 uael-post-infinite-scroll uael-post-infinite__event-scroll\">\n\t\t\t\n<div class=\"uael-post-wrapper newsletters_pol wiadomosci  newsletters_pol wiadomosci \">\n\t<div class=\"uael-post__bg-wrap uael-bg-wrap-enabled \">\n\n\t\t\t\t\t<a href=\"https:\/\/www.expectart.eu\/pl\/newsletter-10\/\" target=\"_self\" class=\"uael-post__complete-box-overlay\" aria-label=\"Link Complete Box\"><\/a>\n\t\t\t\t\n\t\t<div class=\"uael-post__inner-wrap uael-inner-wrap-enabled\">\n\n\t\t\t\t<div class=\"uael-post__thumbnail\">\n\t\t\t\n\t\t\t<a href=\"https:\/\/www.expectart.eu\/pl\/newsletter-10\/\" target=\"_self\" title=\"Newsletter #10\"><img fetchpriority=\"high\" decoding=\"async\" width=\"2560\" height=\"1707\" src=\"https:\/\/www.expectart.eu\/wp-content\/uploads\/2026\/03\/marija-zaric-dzkyB58b0A4-unsplash-scaled.jpg\" class=\"attachment-full size-full wp-image-6579\" alt=\"\" srcset=\"https:\/\/www.expectart.eu\/wp-content\/uploads\/2026\/03\/marija-zaric-dzkyB58b0A4-unsplash-scaled.jpg 2560w, https:\/\/www.expectart.eu\/wp-content\/uploads\/2026\/03\/marija-zaric-dzkyB58b0A4-unsplash-300x200.jpg 300w, https:\/\/www.expectart.eu\/wp-content\/uploads\/2026\/03\/marija-zaric-dzkyB58b0A4-unsplash-1024x683.jpg 1024w, https:\/\/www.expectart.eu\/wp-content\/uploads\/2026\/03\/marija-zaric-dzkyB58b0A4-unsplash-768x512.jpg 768w, https:\/\/www.expectart.eu\/wp-content\/uploads\/2026\/03\/marija-zaric-dzkyB58b0A4-unsplash-1536x1024.jpg 1536w, https:\/\/www.expectart.eu\/wp-content\/uploads\/2026\/03\/marija-zaric-dzkyB58b0A4-unsplash-2048x1365.jpg 2048w\" sizes=\"(max-width: 2560px) 100vw, 2560px\" \/><\/a>\n\t\t\t\t\t<\/div>\n\t\t\n\t\t\t\n\t\t\t<div class=\"uael-post__content-wrap uael-content-wrap-enabled\">\n\t\t\t\t\t\t\t<div class=\"uael-post__terms-wrap\"><span class=\"uael-post__terms\"><span class=\"uael-listing__terms-link\">newsletters_POL<\/span><\/span><\/div>\n\t\t\t\t\t\t<h4 class=\"uael-post__title\">\n\n\t\t\n\t\t\t\t\t\t<a href=\"https:\/\/www.expectart.eu\/pl\/newsletter-10\/\" target=\"_self\">\n\t\t\t\tNewsletter #10\t\t\t<\/a>\n\n\t\t\t\t<\/h4>\n\t\t\n\t\t<div class=\"uael-post__excerpt\">\n\t\t\t\t\t<\/div>\n\n\t\t\t\t\t<a class=\"uael-post__read-more elementor-button\" href=\"https:\/\/www.expectart.eu\/pl\/newsletter-10\/\" target=\"_self\" aria-labelledby=\"uael-post-6624\">\n\t\t\t\t\t<span class=\"elementor-button-content-wrapper\">\n\t\t\t\t\t\t\t\t\t\t\t\t\t\t<span class=\"elementor-button-icon elementor-align-icon-left\">\n\n\t\t\t\t\t\t\t\t\t\n\t\t\t\t\t\t\t\t<\/span>\n\t\t\t\t\t\t\t\t\t\t\t\t\t\n\t\t\t\t\t\t<span class=\"elementor-button-text\" id=uael-post-6624>Przeczytaj wi\u0119cej<\/span>\n\t\t\t\t\t<\/span>\n\t\t\t\t<\/a>\n\t\t\t\t\t\t<\/div>\n\t\t\t\n\t\t<\/div>\n\t\t\n\t<\/div>\n\n<\/div>\n\n<div class=\"uael-post-wrapper newsletters_pol wiadomosci  newsletters_pol wiadomosci \">\n\t<div class=\"uael-post__bg-wrap uael-bg-wrap-enabled \">\n\n\t\t\t\t\t<a href=\"https:\/\/www.expectart.eu\/pl\/newsletter-9\/\" target=\"_self\" class=\"uael-post__complete-box-overlay\" aria-label=\"Link Complete Box\"><\/a>\n\t\t\t\t\n\t\t<div class=\"uael-post__inner-wrap uael-inner-wrap-enabled\">\n\n\t\t\t\t<div class=\"uael-post__thumbnail\">\n\t\t\t\n\t\t\t<a href=\"https:\/\/www.expectart.eu\/pl\/newsletter-9\/\" target=\"_self\" title=\"Newsletter #9\"><img decoding=\"async\" width=\"2560\" height=\"1920\" src=\"https:\/\/www.expectart.eu\/wp-content\/uploads\/2026\/01\/etienne-girardet-EP6_VZhzXM8-unsplash-scaled.jpg\" class=\"attachment-full size-full wp-image-6424\" alt=\"\" srcset=\"https:\/\/www.expectart.eu\/wp-content\/uploads\/2026\/01\/etienne-girardet-EP6_VZhzXM8-unsplash-scaled.jpg 2560w, https:\/\/www.expectart.eu\/wp-content\/uploads\/2026\/01\/etienne-girardet-EP6_VZhzXM8-unsplash-300x225.jpg 300w, https:\/\/www.expectart.eu\/wp-content\/uploads\/2026\/01\/etienne-girardet-EP6_VZhzXM8-unsplash-1024x768.jpg 1024w, https:\/\/www.expectart.eu\/wp-content\/uploads\/2026\/01\/etienne-girardet-EP6_VZhzXM8-unsplash-768x576.jpg 768w, https:\/\/www.expectart.eu\/wp-content\/uploads\/2026\/01\/etienne-girardet-EP6_VZhzXM8-unsplash-1536x1152.jpg 1536w, https:\/\/www.expectart.eu\/wp-content\/uploads\/2026\/01\/etienne-girardet-EP6_VZhzXM8-unsplash-2048x1536.jpg 2048w\" sizes=\"(max-width: 2560px) 100vw, 2560px\" \/><\/a>\n\t\t\t\t\t<\/div>\n\t\t\n\t\t\t\n\t\t\t<div class=\"uael-post__content-wrap uael-content-wrap-enabled\">\n\t\t\t\t\t\t\t<div class=\"uael-post__terms-wrap\"><span class=\"uael-post__terms\"><span class=\"uael-listing__terms-link\">newsletters_POL<\/span><\/span><\/div>\n\t\t\t\t\t\t<h4 class=\"uael-post__title\">\n\n\t\t\n\t\t\t\t\t\t<a href=\"https:\/\/www.expectart.eu\/pl\/newsletter-9\/\" target=\"_self\">\n\t\t\t\tNewsletter #9\t\t\t<\/a>\n\n\t\t\t\t<\/h4>\n\t\t\n\t\t<div class=\"uael-post__excerpt\">\n\t\t\t\t\t<\/div>\n\n\t\t\t\t\t<a class=\"uael-post__read-more elementor-button\" href=\"https:\/\/www.expectart.eu\/pl\/newsletter-9\/\" target=\"_self\" aria-labelledby=\"uael-post-6471\">\n\t\t\t\t\t<span class=\"elementor-button-content-wrapper\">\n\t\t\t\t\t\t\t\t\t\t\t\t\t\t<span class=\"elementor-button-icon elementor-align-icon-left\">\n\n\t\t\t\t\t\t\t\t\t\n\t\t\t\t\t\t\t\t<\/span>\n\t\t\t\t\t\t\t\t\t\t\t\t\t\n\t\t\t\t\t\t<span class=\"elementor-button-text\" id=uael-post-6471>Przeczytaj wi\u0119cej<\/span>\n\t\t\t\t\t<\/span>\n\t\t\t\t<\/a>\n\t\t\t\t\t\t<\/div>\n\t\t\t\n\t\t<\/div>\n\t\t\n\t<\/div>\n\n<\/div>\n\n<div class=\"uael-post-wrapper newsletters_pol wiadomosci  newsletters_pol wiadomosci \">\n\t<div class=\"uael-post__bg-wrap uael-bg-wrap-enabled \">\n\n\t\t\t\t\t<a href=\"https:\/\/www.expectart.eu\/pl\/newsletter-8\/\" target=\"_self\" class=\"uael-post__complete-box-overlay\" aria-label=\"Link Complete Box\"><\/a>\n\t\t\t\t\n\t\t<div class=\"uael-post__inner-wrap uael-inner-wrap-enabled\">\n\n\t\t\t\t<div class=\"uael-post__thumbnail\">\n\t\t\t\n\t\t\t<a href=\"https:\/\/www.expectart.eu\/pl\/newsletter-8\/\" target=\"_self\" title=\"Newsletter #8\"><img decoding=\"async\" width=\"2560\" height=\"1707\" src=\"https:\/\/www.expectart.eu\/wp-content\/uploads\/2025\/11\/levi-arnold-qBz3Waqp7KU-unsplash-1-scaled.jpg\" class=\"attachment-full size-full wp-image-6339\" alt=\"\" srcset=\"https:\/\/www.expectart.eu\/wp-content\/uploads\/2025\/11\/levi-arnold-qBz3Waqp7KU-unsplash-1-scaled.jpg 2560w, https:\/\/www.expectart.eu\/wp-content\/uploads\/2025\/11\/levi-arnold-qBz3Waqp7KU-unsplash-1-300x200.jpg 300w, https:\/\/www.expectart.eu\/wp-content\/uploads\/2025\/11\/levi-arnold-qBz3Waqp7KU-unsplash-1-1024x683.jpg 1024w, https:\/\/www.expectart.eu\/wp-content\/uploads\/2025\/11\/levi-arnold-qBz3Waqp7KU-unsplash-1-768x512.jpg 768w, https:\/\/www.expectart.eu\/wp-content\/uploads\/2025\/11\/levi-arnold-qBz3Waqp7KU-unsplash-1-1536x1024.jpg 1536w, https:\/\/www.expectart.eu\/wp-content\/uploads\/2025\/11\/levi-arnold-qBz3Waqp7KU-unsplash-1-2048x1365.jpg 2048w\" sizes=\"(max-width: 2560px) 100vw, 2560px\" \/><\/a>\n\t\t\t\t\t<\/div>\n\t\t\n\t\t\t\n\t\t\t<div class=\"uael-post__content-wrap uael-content-wrap-enabled\">\n\t\t\t\t\t\t\t<div class=\"uael-post__terms-wrap\"><span class=\"uael-post__terms\"><span class=\"uael-listing__terms-link\">newsletters_POL<\/span><\/span><\/div>\n\t\t\t\t\t\t<h4 class=\"uael-post__title\">\n\n\t\t\n\t\t\t\t\t\t<a href=\"https:\/\/www.expectart.eu\/pl\/newsletter-8\/\" target=\"_self\">\n\t\t\t\tNewsletter #8\t\t\t<\/a>\n\n\t\t\t\t<\/h4>\n\t\t\n\t\t<div class=\"uael-post__excerpt\">\n\t\t\t\t\t<\/div>\n\n\t\t\t\t\t<a class=\"uael-post__read-more elementor-button\" href=\"https:\/\/www.expectart.eu\/pl\/newsletter-8\/\" target=\"_self\" aria-labelledby=\"uael-post-6381\">\n\t\t\t\t\t<span class=\"elementor-button-content-wrapper\">\n\t\t\t\t\t\t\t\t\t\t\t\t\t\t<span class=\"elementor-button-icon elementor-align-icon-left\">\n\n\t\t\t\t\t\t\t\t\t\n\t\t\t\t\t\t\t\t<\/span>\n\t\t\t\t\t\t\t\t\t\t\t\t\t\n\t\t\t\t\t\t<span class=\"elementor-button-text\" id=uael-post-6381>Przeczytaj wi\u0119cej<\/span>\n\t\t\t\t\t<\/span>\n\t\t\t\t<\/a>\n\t\t\t\t\t\t<\/div>\n\t\t\t\n\t\t<\/div>\n\t\t\n\t<\/div>\n\n<\/div>\n\t\t\t\t<\/div>\n\t\t\t\t\t\t<div class=\"uael-post-inf-loader\">\n\t\t\t\t<div class=\"uael-post-loader-1\"><\/div>\n\t\t\t\t<div class=\"uael-post-loader-2\"><\/div>\n\t\t\t\t<div class=\"uael-post-loader-3\"><\/div>\n\t\t\t<\/div>\n\t\t\t\t\t\t\n\t\t<\/div>\n\n\t\t\t\t\t\t<\/div>\n\t\t<div class=\"uael-post__footer\">\n\t\t\t\t\t\t<nav class=\"uael-grid-pagination\" style=\"display:none;\" role=\"navigation\" aria-label=\"Pagination\" data-total=\"4\" data-next-page=\"2\">\n\t\t\t\t\t\t\t<\/nav>\n\t\t\t\t\t<\/div>\n\t\t\t\t\t\t<\/div>\n\t\t\t\t<\/div>\n\t\t\t\t\t<\/div>\n\t\t<\/div>\n\t\t\t\t\t<\/div>\n\t\t<\/section>\n\t\t\t\t<section class=\"elementor-section elementor-top-section elementor-element elementor-element-0ed3e12 elementor-section-height-min-height elementor-section-boxed elementor-section-height-default elementor-section-items-middle\" data-id=\"0ed3e12\" data-element_type=\"section\" data-e-type=\"section\" data-settings=\"{&quot;background_background&quot;:&quot;classic&quot;}\">\n\t\t\t\t\t\t\t<div class=\"elementor-background-overlay\"><\/div>\n\t\t\t\t\t\t\t<div class=\"elementor-container elementor-column-gap-default\">\n\t\t\t\t\t<div class=\"elementor-column elementor-col-100 elementor-top-column elementor-element elementor-element-453d9d8\" data-id=\"453d9d8\" data-element_type=\"column\" data-e-type=\"column\">\n\t\t\t<div class=\"elementor-widget-wrap\">\n\t\t\t\t\t\t\t<\/div>\n\t\t<\/div>\n\t\t\t\t\t<\/div>\n\t\t<\/section>\n\t\t\t\t<\/div>\n\t\t","protected":false},"excerpt":{"rendered":"<p>Publikacje Wszystko newsletters_POL Wszystko Wszystko newsletters_POL Bez kategorii Newsletter #3 Przeczytaj wi\u0119cej newsletters_POL Drugi newsletter Przeczytaj wi\u0119cej newsletters_POL Nasz pierwszy newsletter jest ju\u017c dost\u0119pny! This deliverable was funded by the European Union under Grant Agreement 101132662. Views and opinions expressed are however those of the author(s) only and do &#8230; Przeczytaj wi\u0119cej<\/p>\n","protected":false},"author":1,"featured_media":2423,"parent":0,"menu_order":0,"comment_status":"closed","ping_status":"closed","template":"","meta":{"site-sidebar-layout":"no-sidebar","site-content-layout":"page-builder","ast-site-content-layout":"full-width-container","site-content-style":"unboxed","site-sidebar-style":"unboxed","ast-global-header-display":"","ast-banner-title-visibility":"","ast-main-header-display":"","ast-hfb-above-header-display":"","ast-hfb-below-header-display":"","ast-hfb-mobile-header-display":"","site-post-title":"disabled","ast-breadcrumbs-content":"","ast-featured-img":"disabled","footer-sml-layout":"","ast-disable-related-posts":"","theme-transparent-header-meta":"","adv-header-id-meta":"","stick-header-meta":"default","header-above-stick-meta":"","header-main-stick-meta":"","header-below-stick-meta":"","astra-migrate-meta-layouts":"set","ast-page-background-enabled":"default","ast-page-background-meta":{"desktop":{"background-color":"","background-image":"","background-repeat":"repeat","background-position":"center center","background-size":"auto","background-attachment":"scroll","background-type":"","background-media":"","overlay-type":"","overlay-color":"","overlay-opacity":"","overlay-gradient":""},"tablet":{"background-color":"","background-image":"","background-repeat":"repeat","background-position":"center center","background-size":"auto","background-attachment":"scroll","background-type":"","background-media":"","overlay-type":"","overlay-color":"","overlay-opacity":"","overlay-gradient":""},"mobile":{"background-color":"","background-image":"","background-repeat":"repeat","background-position":"center center","background-size":"auto","background-attachment":"scroll","background-type":"","background-media":"","overlay-type":"","overlay-color":"","overlay-opacity":"","overlay-gradient":""}},"ast-content-background-meta":{"desktop":{"background-color":"var(--ast-global-color-5)","background-image":"","background-repeat":"repeat","background-position":"center center","background-size":"auto","background-attachment":"scroll","background-type":"","background-media":"","overlay-type":"","overlay-color":"","overlay-opacity":"","overlay-gradient":""},"tablet":{"background-color":"var(--ast-global-color-5)","background-image":"","background-repeat":"repeat","background-position":"center center","background-size":"auto","background-attachment":"scroll","background-type":"","background-media":"","overlay-type":"","overlay-color":"","overlay-opacity":"","overlay-gradient":""},"mobile":{"background-color":"var(--ast-global-color-5)","background-image":"","background-repeat":"repeat","background-position":"center center","background-size":"auto","background-attachment":"scroll","background-type":"","background-media":"","overlay-type":"","overlay-color":"","overlay-opacity":"","overlay-gradient":""}},"footnotes":""},"class_list":["post-4792","page","type-page","status-publish","has-post-thumbnail","hentry"],"yoast_head":"<!-- This site is optimized with the Yoast SEO plugin v27.2 - https:\/\/yoast.com\/product\/yoast-seo-wordpress\/ -->\n<title>Publikacje - EXPECT_Art<\/title>\n<meta name=\"robots\" content=\"index, follow, max-snippet:-1, max-image-preview:large, max-video-preview:-1\" \/>\n<link rel=\"canonical\" href=\"https:\/\/www.expectart.eu\/pl\/publikacje\/\" \/>\n<meta property=\"og:locale\" content=\"pl_PL\" \/>\n<meta property=\"og:type\" content=\"article\" \/>\n<meta property=\"og:title\" content=\"Publikacje - EXPECT_Art\" \/>\n<meta property=\"og:description\" content=\"Publikacje Wszystko newsletters_POL Wszystko Wszystko newsletters_POL Bez kategorii Newsletter #3 Przeczytaj wi\u0119cej newsletters_POL Drugi newsletter Przeczytaj wi\u0119cej newsletters_POL Nasz pierwszy newsletter jest ju\u017c dost\u0119pny! This deliverable was funded by the European Union under Grant Agreement 101132662. Views and opinions expressed are however those of the author(s) only and do &#8230; Przeczytaj wi\u0119cej\" \/>\n<meta property=\"og:url\" content=\"https:\/\/www.expectart.eu\/pl\/publikacje\/\" \/>\n<meta property=\"og:site_name\" content=\"EXPECT_Art\" \/>\n<meta property=\"article:publisher\" content=\"https:\/\/www.facebook.com\/EXPECTArtEU\" \/>\n<meta property=\"article:modified_time\" content=\"2025-02-13T08:38:01+00:00\" \/>\n<meta property=\"og:image\" content=\"https:\/\/www.expectart.eu\/wp-content\/uploads\/2024\/04\/yunus-tug-5yHHtrUqLnU-unsplash.jpg\" \/>\n\t<meta property=\"og:image:width\" content=\"1920\" \/>\n\t<meta property=\"og:image:height\" content=\"1280\" \/>\n\t<meta property=\"og:image:type\" content=\"image\/jpeg\" \/>\n<meta name=\"twitter:card\" content=\"summary_large_image\" \/>\n<meta name=\"twitter:label1\" content=\"Szacowany czas czytania\" \/>\n\t<meta name=\"twitter:data1\" content=\"1 minuta\" \/>\n<script type=\"application\/ld+json\" class=\"yoast-schema-graph\">{\"@context\":\"https:\/\/schema.org\",\"@graph\":[{\"@type\":\"WebPage\",\"@id\":\"https:\/\/www.expectart.eu\/pl\/publikacje\/\",\"url\":\"https:\/\/www.expectart.eu\/pl\/publikacje\/\",\"name\":\"Publikacje - EXPECT_Art\",\"isPartOf\":{\"@id\":\"https:\/\/www.expectart.eu\/#website\"},\"primaryImageOfPage\":{\"@id\":\"https:\/\/www.expectart.eu\/pl\/publikacje\/#primaryimage\"},\"image\":{\"@id\":\"https:\/\/www.expectart.eu\/pl\/publikacje\/#primaryimage\"},\"thumbnailUrl\":\"https:\/\/www.expectart.eu\/wp-content\/uploads\/2024\/04\/yunus-tug-5yHHtrUqLnU-unsplash.jpg\",\"datePublished\":\"2024-11-13T12:55:54+00:00\",\"dateModified\":\"2025-02-13T08:38:01+00:00\",\"breadcrumb\":{\"@id\":\"https:\/\/www.expectart.eu\/pl\/publikacje\/#breadcrumb\"},\"inLanguage\":\"pl-PL\",\"potentialAction\":[{\"@type\":\"ReadAction\",\"target\":[\"https:\/\/www.expectart.eu\/pl\/publikacje\/\"]}]},{\"@type\":\"ImageObject\",\"inLanguage\":\"pl-PL\",\"@id\":\"https:\/\/www.expectart.eu\/pl\/publikacje\/#primaryimage\",\"url\":\"https:\/\/www.expectart.eu\/wp-content\/uploads\/2024\/04\/yunus-tug-5yHHtrUqLnU-unsplash.jpg\",\"contentUrl\":\"https:\/\/www.expectart.eu\/wp-content\/uploads\/2024\/04\/yunus-tug-5yHHtrUqLnU-unsplash.jpg\",\"width\":1920,\"height\":1280,\"caption\":\"yunus-tug-5yHHtrUqLnU-unsplash\"},{\"@type\":\"BreadcrumbList\",\"@id\":\"https:\/\/www.expectart.eu\/pl\/publikacje\/#breadcrumb\",\"itemListElement\":[{\"@type\":\"ListItem\",\"position\":1,\"name\":\"Home\",\"item\":\"https:\/\/www.expectart.eu\/\"},{\"@type\":\"ListItem\",\"position\":2,\"name\":\"Publikacje\"}]},{\"@type\":\"WebSite\",\"@id\":\"https:\/\/www.expectart.eu\/#website\",\"url\":\"https:\/\/www.expectart.eu\/\",\"name\":\"EXPECT_Art\",\"description\":\"EU Project\",\"publisher\":{\"@id\":\"https:\/\/www.expectart.eu\/#organization\"},\"potentialAction\":[{\"@type\":\"SearchAction\",\"target\":{\"@type\":\"EntryPoint\",\"urlTemplate\":\"https:\/\/www.expectart.eu\/?s={search_term_string}\"},\"query-input\":{\"@type\":\"PropertyValueSpecification\",\"valueRequired\":true,\"valueName\":\"search_term_string\"}}],\"inLanguage\":\"pl-PL\"},{\"@type\":\"Organization\",\"@id\":\"https:\/\/www.expectart.eu\/#organization\",\"name\":\"EXPECT_Art\",\"url\":\"https:\/\/www.expectart.eu\/\",\"logo\":{\"@type\":\"ImageObject\",\"inLanguage\":\"pl-PL\",\"@id\":\"https:\/\/www.expectart.eu\/#\/schema\/logo\/image\/\",\"url\":\"https:\/\/www.expectart.eu\/wp-content\/uploads\/2024\/04\/cropped-logo-rgb_without-text-02.png\",\"contentUrl\":\"https:\/\/www.expectart.eu\/wp-content\/uploads\/2024\/04\/cropped-logo-rgb_without-text-02.png\",\"width\":679,\"height\":139,\"caption\":\"EXPECT_Art\"},\"image\":{\"@id\":\"https:\/\/www.expectart.eu\/#\/schema\/logo\/image\/\"},\"sameAs\":[\"https:\/\/www.facebook.com\/EXPECTArtEU\",\"https:\/\/www.instagram.com\/expect_art_eu\/\"]}]}<\/script>\n<!-- \/ Yoast SEO plugin. -->","yoast_head_json":{"title":"Publikacje - EXPECT_Art","robots":{"index":"index","follow":"follow","max-snippet":"max-snippet:-1","max-image-preview":"max-image-preview:large","max-video-preview":"max-video-preview:-1"},"canonical":"https:\/\/www.expectart.eu\/pl\/publikacje\/","og_locale":"pl_PL","og_type":"article","og_title":"Publikacje - EXPECT_Art","og_description":"Publikacje Wszystko newsletters_POL Wszystko Wszystko newsletters_POL Bez kategorii Newsletter #3 Przeczytaj wi\u0119cej newsletters_POL Drugi newsletter Przeczytaj wi\u0119cej newsletters_POL Nasz pierwszy newsletter jest ju\u017c dost\u0119pny! This deliverable was funded by the European Union under Grant Agreement 101132662. Views and opinions expressed are however those of the author(s) only and do &#8230; Przeczytaj wi\u0119cej","og_url":"https:\/\/www.expectart.eu\/pl\/publikacje\/","og_site_name":"EXPECT_Art","article_publisher":"https:\/\/www.facebook.com\/EXPECTArtEU","article_modified_time":"2025-02-13T08:38:01+00:00","og_image":[{"width":1920,"height":1280,"url":"https:\/\/www.expectart.eu\/wp-content\/uploads\/2024\/04\/yunus-tug-5yHHtrUqLnU-unsplash.jpg","type":"image\/jpeg"}],"twitter_card":"summary_large_image","twitter_misc":{"Szacowany czas czytania":"1 minuta"},"schema":{"@context":"https:\/\/schema.org","@graph":[{"@type":"WebPage","@id":"https:\/\/www.expectart.eu\/pl\/publikacje\/","url":"https:\/\/www.expectart.eu\/pl\/publikacje\/","name":"Publikacje - EXPECT_Art","isPartOf":{"@id":"https:\/\/www.expectart.eu\/#website"},"primaryImageOfPage":{"@id":"https:\/\/www.expectart.eu\/pl\/publikacje\/#primaryimage"},"image":{"@id":"https:\/\/www.expectart.eu\/pl\/publikacje\/#primaryimage"},"thumbnailUrl":"https:\/\/www.expectart.eu\/wp-content\/uploads\/2024\/04\/yunus-tug-5yHHtrUqLnU-unsplash.jpg","datePublished":"2024-11-13T12:55:54+00:00","dateModified":"2025-02-13T08:38:01+00:00","breadcrumb":{"@id":"https:\/\/www.expectart.eu\/pl\/publikacje\/#breadcrumb"},"inLanguage":"pl-PL","potentialAction":[{"@type":"ReadAction","target":["https:\/\/www.expectart.eu\/pl\/publikacje\/"]}]},{"@type":"ImageObject","inLanguage":"pl-PL","@id":"https:\/\/www.expectart.eu\/pl\/publikacje\/#primaryimage","url":"https:\/\/www.expectart.eu\/wp-content\/uploads\/2024\/04\/yunus-tug-5yHHtrUqLnU-unsplash.jpg","contentUrl":"https:\/\/www.expectart.eu\/wp-content\/uploads\/2024\/04\/yunus-tug-5yHHtrUqLnU-unsplash.jpg","width":1920,"height":1280,"caption":"yunus-tug-5yHHtrUqLnU-unsplash"},{"@type":"BreadcrumbList","@id":"https:\/\/www.expectart.eu\/pl\/publikacje\/#breadcrumb","itemListElement":[{"@type":"ListItem","position":1,"name":"Home","item":"https:\/\/www.expectart.eu\/"},{"@type":"ListItem","position":2,"name":"Publikacje"}]},{"@type":"WebSite","@id":"https:\/\/www.expectart.eu\/#website","url":"https:\/\/www.expectart.eu\/","name":"EXPECT_Art","description":"EU Project","publisher":{"@id":"https:\/\/www.expectart.eu\/#organization"},"potentialAction":[{"@type":"SearchAction","target":{"@type":"EntryPoint","urlTemplate":"https:\/\/www.expectart.eu\/?s={search_term_string}"},"query-input":{"@type":"PropertyValueSpecification","valueRequired":true,"valueName":"search_term_string"}}],"inLanguage":"pl-PL"},{"@type":"Organization","@id":"https:\/\/www.expectart.eu\/#organization","name":"EXPECT_Art","url":"https:\/\/www.expectart.eu\/","logo":{"@type":"ImageObject","inLanguage":"pl-PL","@id":"https:\/\/www.expectart.eu\/#\/schema\/logo\/image\/","url":"https:\/\/www.expectart.eu\/wp-content\/uploads\/2024\/04\/cropped-logo-rgb_without-text-02.png","contentUrl":"https:\/\/www.expectart.eu\/wp-content\/uploads\/2024\/04\/cropped-logo-rgb_without-text-02.png","width":679,"height":139,"caption":"EXPECT_Art"},"image":{"@id":"https:\/\/www.expectart.eu\/#\/schema\/logo\/image\/"},"sameAs":["https:\/\/www.facebook.com\/EXPECTArtEU","https:\/\/www.instagram.com\/expect_art_eu\/"]}]}},"_links":{"self":[{"href":"https:\/\/www.expectart.eu\/pl\/wp-json\/wp\/v2\/pages\/4792","targetHints":{"allow":["GET"]}}],"collection":[{"href":"https:\/\/www.expectart.eu\/pl\/wp-json\/wp\/v2\/pages"}],"about":[{"href":"https:\/\/www.expectart.eu\/pl\/wp-json\/wp\/v2\/types\/page"}],"author":[{"embeddable":true,"href":"https:\/\/www.expectart.eu\/pl\/wp-json\/wp\/v2\/users\/1"}],"replies":[{"embeddable":true,"href":"https:\/\/www.expectart.eu\/pl\/wp-json\/wp\/v2\/comments?post=4792"}],"version-history":[{"count":5,"href":"https:\/\/www.expectart.eu\/pl\/wp-json\/wp\/v2\/pages\/4792\/revisions"}],"predecessor-version":[{"id":4826,"href":"https:\/\/www.expectart.eu\/pl\/wp-json\/wp\/v2\/pages\/4792\/revisions\/4826"}],"wp:featuredmedia":[{"embeddable":true,"href":"https:\/\/www.expectart.eu\/pl\/wp-json\/wp\/v2\/media\/2423"}],"wp:attachment":[{"href":"https:\/\/www.expectart.eu\/pl\/wp-json\/wp\/v2\/media?parent=4792"}],"curies":[{"name":"wp","href":"https:\/\/api.w.org\/{rel}","templated":true}]}}