{"id":3089,"date":"2024-04-26T08:35:19","date_gmt":"2024-04-26T06:35:19","guid":{"rendered":"https:\/\/www.expectart.eu\/?page_id=3089"},"modified":"2024-06-25T14:56:43","modified_gmt":"2024-06-25T12:56:43","slug":"privacy-amp-cookies","status":"publish","type":"page","link":"https:\/\/www.expectart.eu\/de\/privacy-amp-cookies\/","title":{"rendered":"Privacy &amp; Cookies"},"content":{"rendered":"\t\t<div data-elementor-type=\"wp-post\" data-elementor-id=\"3089\" class=\"elementor elementor-3089 elementor-2214\" data-elementor-post-type=\"page\">\n\t\t\t\t\t\t<section class=\"elementor-section elementor-top-section elementor-element elementor-element-1aa618c elementor-section-height-min-height elementor-section-boxed elementor-section-height-default elementor-section-items-middle\" data-id=\"1aa618c\" data-element_type=\"section\" data-e-type=\"section\" data-settings=\"{&quot;background_background&quot;:&quot;classic&quot;}\">\n\t\t\t\t\t\t\t<div class=\"elementor-background-overlay\"><\/div>\n\t\t\t\t\t\t\t<div class=\"elementor-container elementor-column-gap-default\">\n\t\t\t\t\t<div class=\"elementor-column elementor-col-100 elementor-top-column elementor-element elementor-element-2677429\" data-id=\"2677429\" data-element_type=\"column\" data-e-type=\"column\" data-settings=\"{&quot;background_background&quot;:&quot;classic&quot;}\">\n\t\t\t<div class=\"elementor-widget-wrap elementor-element-populated\">\n\t\t\t\t\t<div class=\"elementor-background-overlay\"><\/div>\n\t\t\t\t\t\t<div class=\"elementor-element elementor-element-a54abd3 elementor-widget elementor-widget-heading\" data-id=\"a54abd3\" data-element_type=\"widget\" data-e-type=\"widget\" data-widget_type=\"heading.default\">\n\t\t\t\t<div class=\"elementor-widget-container\">\n\t\t\t\t\t<h1 class=\"elementor-heading-title elementor-size-default\">Privacy &amp; Cookies<\/h1>\t\t\t\t<\/div>\n\t\t\t\t<\/div>\n\t\t\t\t\t<\/div>\n\t\t<\/div>\n\t\t\t\t\t<\/div>\n\t\t<\/section>\n\t\t\t\t<section class=\"elementor-section elementor-top-section elementor-element elementor-element-48a1982 elementor-section-boxed elementor-section-height-default elementor-section-height-default\" data-id=\"48a1982\" data-element_type=\"section\" data-e-type=\"section\">\n\t\t\t\t\t\t<div class=\"elementor-container elementor-column-gap-default\">\n\t\t\t\t\t<div class=\"elementor-column elementor-col-100 elementor-top-column elementor-element elementor-element-36debaf\" data-id=\"36debaf\" data-element_type=\"column\" data-e-type=\"column\">\n\t\t\t<div class=\"elementor-widget-wrap elementor-element-populated\">\n\t\t\t\t\t\t<div class=\"elementor-element elementor-element-0a324c3 elementor-widget elementor-widget-heading\" data-id=\"0a324c3\" data-element_type=\"widget\" data-e-type=\"widget\" data-widget_type=\"heading.default\">\n\t\t\t\t<div class=\"elementor-widget-container\">\n\t\t\t\t\t<h2 class=\"elementor-heading-title elementor-size-default\">DATENSCHUTZ<\/h2>\t\t\t\t<\/div>\n\t\t\t\t<\/div>\n\t\t\t\t<div class=\"elementor-element elementor-element-c48c550 elementor-widget elementor-widget-text-editor\" data-id=\"c48c550\" data-element_type=\"widget\" data-e-type=\"widget\" data-widget_type=\"text-editor.default\">\n\t\t\t\t<div class=\"elementor-widget-container\">\n\t\t\t\t\t\t\t\t\t<p>www.expectart.eu verpflichtet sich, die Privatsph\u00e4re seiner Besucher zu sch\u00fctzen. In dieser Datenschutzerkl\u00e4rung wird dargelegt, welche Arten von personenbezogenen Daten wir erfassen k\u00f6nnen und wie wir diese Daten verwenden.<\/p><p><strong>Sammlung und Verwendung von Informationen<\/strong><\/p><p>Wir sammeln keine pers\u00f6nlichen Daten von Besucher_innen unserer Website, mit Ausnahme der von Google Analytics (GA4) gesammelten Daten. Google Analytics ist ein Webanalysedienst, der den Verkehr auf der Website verfolgt und berichtet. Wir verwenden Google Analytics, um zu verstehen, wie unsere Website genutzt wird und wie wir sie verbessern k\u00f6nnen.<\/p><p>Google Analytics verwendet Cookies und andere Technologien, um Informationen \u00fcber die Nutzung der Website zu sammeln. Diese Informationen werden verwendet, um Berichte \u00fcber die Website-Aktivit\u00e4ten zu erstellen und andere Dienstleistungen in Bezug auf die Website-Aktivit\u00e4ten und die Internetnutzung zu erbringen. Google kann diese Informationen auch an Dritte \u00fcbertragen, wenn dies gesetzlich vorgeschrieben ist oder wenn diese Dritten die Informationen im Auftrag von Google verarbeiten.<\/p><p>Wenn Sie mehr dar\u00fcber erfahren m\u00f6chten, wie Google Analytics Daten erfasst und verarbeitet, besuchen Sie bitte: <a href=\"https:\/\/policies.google.com\/technologies\/partner-sites\">https:\/\/policies.google.com\/technologies\/partner-sites<\/a><\/p><p><strong>Websites von Drittanbietern<\/strong><\/p><p>Unsere Website kann Links zu Websites Dritter enthalten. Wir haben keine Kontrolle \u00fcber die Datenschutzpraktiken oder den Inhalt dieser Websites. Wir empfehlen Ihnen, die Datenschutzrichtlinien dieser Drittanbieter-Websites zu lesen, bevor Sie ihnen pers\u00f6nliche Daten zur Verf\u00fcgung stellen.<\/p><p><strong>\u00c4nderungen an unserer Datenschutzrichtlinie<\/strong><\/p><p>Wir k\u00f6nnen unsere Datenschutzrichtlinie von Zeit zu Zeit aktualisieren. Alle \u00c4nderungen, die wir an unserer Datenschutzrichtlinie vornehmen, werden auf dieser Seite ver\u00f6ffentlicht. Wir empfehlen Ihnen, diese Datenschutzrichtlinie regelm\u00e4\u00dfig zu lesen, um dar\u00fcber informiert zu bleiben, wie wir Ihre pers\u00f6nlichen Daten sch\u00fctzen.<\/p>\t\t\t\t\t\t\t\t<\/div>\n\t\t\t\t<\/div>\n\t\t\t\t\t<\/div>\n\t\t<\/div>\n\t\t\t\t\t<\/div>\n\t\t<\/section>\n\t\t\t\t<section class=\"elementor-section elementor-top-section elementor-element elementor-element-778f3fe elementor-section-boxed elementor-section-height-default elementor-section-height-default\" data-id=\"778f3fe\" data-element_type=\"section\" data-e-type=\"section\">\n\t\t\t\t\t\t<div class=\"elementor-container elementor-column-gap-default\">\n\t\t\t\t\t<div class=\"elementor-column elementor-col-100 elementor-top-column elementor-element elementor-element-32c5a4c\" data-id=\"32c5a4c\" data-element_type=\"column\" data-e-type=\"column\">\n\t\t\t<div class=\"elementor-widget-wrap elementor-element-populated\">\n\t\t\t\t\t\t<div class=\"elementor-element elementor-element-0e28b09 elementor-widget-divider--view-line_icon elementor-view-default elementor-widget-divider--element-align-center elementor-widget elementor-widget-divider\" data-id=\"0e28b09\" data-element_type=\"widget\" data-e-type=\"widget\" data-widget_type=\"divider.default\">\n\t\t\t\t<div class=\"elementor-widget-container\">\n\t\t\t\t\t\t\t<div class=\"elementor-divider\">\n\t\t\t<span class=\"elementor-divider-separator\">\n\t\t\t\t\t\t\t<div class=\"elementor-icon elementor-divider__element\">\n\t\t\t\t\t<svg aria-hidden=\"true\" class=\"e-font-icon-svg e-fas-circle\" viewBox=\"0 0 512 512\" xmlns=\"http:\/\/www.w3.org\/2000\/svg\"><path d=\"M256 8C119 8 8 119 8 256s111 248 248 248 248-111 248-248S393 8 256 8z\"><\/path><\/svg><\/div>\n\t\t\t\t\t\t<\/span>\n\t\t<\/div>\n\t\t\t\t\t\t<\/div>\n\t\t\t\t<\/div>\n\t\t\t\t\t<\/div>\n\t\t<\/div>\n\t\t\t\t\t<\/div>\n\t\t<\/section>\n\t\t\t\t<section class=\"elementor-section elementor-top-section elementor-element elementor-element-60130b6 elementor-section-boxed elementor-section-height-default elementor-section-height-default\" data-id=\"60130b6\" data-element_type=\"section\" data-e-type=\"section\">\n\t\t\t\t\t\t<div class=\"elementor-container elementor-column-gap-default\">\n\t\t\t\t\t<div class=\"elementor-column elementor-col-100 elementor-top-column elementor-element elementor-element-5ada997\" data-id=\"5ada997\" data-element_type=\"column\" data-e-type=\"column\">\n\t\t\t<div class=\"elementor-widget-wrap elementor-element-populated\">\n\t\t\t\t\t\t<div class=\"elementor-element elementor-element-f4b3d39 elementor-widget elementor-widget-heading\" data-id=\"f4b3d39\" data-element_type=\"widget\" data-e-type=\"widget\" data-widget_type=\"heading.default\">\n\t\t\t\t<div class=\"elementor-widget-container\">\n\t\t\t\t\t<h2 class=\"elementor-heading-title elementor-size-default\">VERWENDUNG VON COOKIES<\/h2>\t\t\t\t<\/div>\n\t\t\t\t<\/div>\n\t\t\t\t<div class=\"elementor-element elementor-element-e8d55fb elementor-widget elementor-widget-text-editor\" data-id=\"e8d55fb\" data-element_type=\"widget\" data-e-type=\"widget\" data-widget_type=\"text-editor.default\">\n\t\t\t\t<div class=\"elementor-widget-container\">\n\t\t\t\t\t\t\t\t\t<p style=\"vertical-align: baseline; margin: 0cm 0cm 19.2pt 0cm;\"><span lang=\"DA\" style=\"font-size: 11.0pt; font-family: 'Aptos',sans-serif;\">Ein Cookie ist eine kleine Textdatei, die auf Ihrem Computer oder Mobilger\u00e4t gespeichert wird, wenn Sie eine Website besuchen. Cookies werden verwendet, um Websites zu helfen, sich an Benutzereinstellungen zu erinnern, bestimmte Funktionen zu aktivieren und die Nutzung der Website zu verfolgen.<\/span><\/p><p style=\"vertical-align: baseline; margin: 0cm 0cm 19.2pt 0cm;\"><span lang=\"DA\" style=\"font-size: 11.0pt; font-family: 'Aptos',sans-serif;\">Wir verwenden Google Analytics-Cookies auf unserer Website, damit wir verstehen, wie unsere Website genutzt wird und wie wir sie verbessern k\u00f6nnen. Diese Cookies sammeln Informationen wie etwa Ihre IP-Adresse, die Seiten, die Sie besuchen, und die Zeit, die Sie auf unserer Website verbringen. Diese Informationen werden zur Erstellung von Berichten \u00fcber die Website-Aktivit\u00e4ten und zur Bereitstellung anderer Dienste im Zusammenhang mit Website-Aktivit\u00e4ten und Internetnutzung verwendet.<\/span><\/p><p style=\"vertical-align: baseline; margin: 0cm 0cm 19.2pt 0cm;\"><span lang=\"DA\" style=\"font-size: 11.0pt; font-family: 'Aptos',sans-serif;\">Wir verwenden keine Cookies, um pers\u00f6nliche Informationen von unseren Besuchern zu sammeln. Sie k\u00f6nnen w\u00e4hlen, ob Sie Cookies akzeptieren oder ablehnen. Die meisten Webbrowser akzeptieren Cookies automatisch, aber Sie k\u00f6nnen in der Regel die Einstellungen Ihres Browsers \u00e4ndern, um Cookies abzulehnen, wenn Sie dies w\u00fcnschen. Bitte beachten Sie jedoch, dass die Deaktivierung von Cookies dazu f\u00fchren kann, dass Sie bestimmte Funktionen unserer Website nicht nutzen k\u00f6nnen.<\/span><\/p><p class=\"xmsolistparagraph\"><span lang=\"DA\" style=\"font-size: 11.0pt; font-family: 'Aptos',sans-serif;\">Um mehr dar\u00fcber zu erfahren, wie Google Analytics Cookies verwendet und Daten verarbeitet, besuchen Sie bitte: <a href=\"https:\/\/policies.google.com\/technologies\/partner-sites\">https:\/\/policies.google.com\/technologies\/partner-sites<\/a><\/span><\/p>\t\t\t\t\t\t\t\t<\/div>\n\t\t\t\t<\/div>\n\t\t\t\t\t<\/div>\n\t\t<\/div>\n\t\t\t\t\t<\/div>\n\t\t<\/section>\n\t\t\t\t<section class=\"elementor-section elementor-top-section elementor-element elementor-element-bd29c10 elementor-section-height-min-height elementor-section-boxed elementor-section-height-default elementor-section-items-middle\" data-id=\"bd29c10\" data-element_type=\"section\" data-e-type=\"section\" data-settings=\"{&quot;background_background&quot;:&quot;classic&quot;}\">\n\t\t\t\t\t\t<div class=\"elementor-container elementor-column-gap-default\">\n\t\t\t\t\t<div class=\"elementor-column elementor-col-100 elementor-top-column elementor-element elementor-element-f8ce7bb\" data-id=\"f8ce7bb\" data-element_type=\"column\" data-e-type=\"column\">\n\t\t\t<div class=\"elementor-widget-wrap\">\n\t\t\t\t\t\t\t<\/div>\n\t\t<\/div>\n\t\t\t\t\t<\/div>\n\t\t<\/section>\n\t\t\t\t<\/div>\n\t\t","protected":false},"excerpt":{"rendered":"<p>Privacy &#038; Cookies DATENSCHUTZ www.expectart.eu verpflichtet sich, die Privatsph\u00e4re seiner Besucher zu sch\u00fctzen. In dieser Datenschutzerkl\u00e4rung wird dargelegt, welche Arten von personenbezogenen Daten wir erfassen k\u00f6nnen und wie wir diese Daten verwenden. Sammlung und Verwendung von Informationen Wir sammeln keine pers\u00f6nlichen Daten von Besucher_innen unserer Website, mit Ausnahme der von Google Analytics (GA4) gesammelten Daten. [&hellip;]<\/p>\n","protected":false},"author":1,"featured_media":0,"parent":0,"menu_order":0,"comment_status":"closed","ping_status":"closed","template":"","meta":{"site-sidebar-layout":"no-sidebar","site-content-layout":"page-builder","ast-site-content-layout":"full-width-container","site-content-style":"unboxed","site-sidebar-style":"unboxed","ast-global-header-display":"","ast-banner-title-visibility":"","ast-main-header-display":"","ast-hfb-above-header-display":"","ast-hfb-below-header-display":"","ast-hfb-mobile-header-display":"","site-post-title":"disabled","ast-breadcrumbs-content":"","ast-featured-img":"disabled","footer-sml-layout":"","ast-disable-related-posts":"","theme-transparent-header-meta":"","adv-header-id-meta":"","stick-header-meta":"default","header-above-stick-meta":"","header-main-stick-meta":"","header-below-stick-meta":"","astra-migrate-meta-layouts":"set","ast-page-background-enabled":"default","ast-page-background-meta":{"desktop":{"background-color":"","background-image":"","background-repeat":"repeat","background-position":"center center","background-size":"auto","background-attachment":"scroll","background-type":"","background-media":"","overlay-type":"","overlay-color":"","overlay-opacity":"","overlay-gradient":""},"tablet":{"background-color":"","background-image":"","background-repeat":"repeat","background-position":"center center","background-size":"auto","background-attachment":"scroll","background-type":"","background-media":"","overlay-type":"","overlay-color":"","overlay-opacity":"","overlay-gradient":""},"mobile":{"background-color":"","background-image":"","background-repeat":"repeat","background-position":"center center","background-size":"auto","background-attachment":"scroll","background-type":"","background-media":"","overlay-type":"","overlay-color":"","overlay-opacity":"","overlay-gradient":""}},"ast-content-background-meta":{"desktop":{"background-color":"var(--ast-global-color-5)","background-image":"","background-repeat":"repeat","background-position":"center center","background-size":"auto","background-attachment":"scroll","background-type":"","background-media":"","overlay-type":"","overlay-color":"","overlay-opacity":"","overlay-gradient":""},"tablet":{"background-color":"var(--ast-global-color-5)","background-image":"","background-repeat":"repeat","background-position":"center center","background-size":"auto","background-attachment":"scroll","background-type":"","background-media":"","overlay-type":"","overlay-color":"","overlay-opacity":"","overlay-gradient":""},"mobile":{"background-color":"var(--ast-global-color-5)","background-image":"","background-repeat":"repeat","background-position":"center center","background-size":"auto","background-attachment":"scroll","background-type":"","background-media":"","overlay-type":"","overlay-color":"","overlay-opacity":"","overlay-gradient":""}},"footnotes":""},"class_list":["post-3089","page","type-page","status-publish","hentry"],"yoast_head":"<!-- This site is optimized with the Yoast SEO plugin v27.2 - https:\/\/yoast.com\/product\/yoast-seo-wordpress\/ -->\n<title>Privacy &amp; Cookies - EXPECT_Art<\/title>\n<meta name=\"robots\" content=\"noindex, nofollow\" \/>\n<meta property=\"og:locale\" content=\"de_DE\" \/>\n<meta property=\"og:type\" content=\"article\" \/>\n<meta property=\"og:title\" content=\"Privacy &amp; Cookies - EXPECT_Art\" \/>\n<meta property=\"og:description\" content=\"Privacy &#038; Cookies DATENSCHUTZ www.expectart.eu verpflichtet sich, die Privatsph\u00e4re seiner Besucher zu sch\u00fctzen. In dieser Datenschutzerkl\u00e4rung wird dargelegt, welche Arten von personenbezogenen Daten wir erfassen k\u00f6nnen und wie wir diese Daten verwenden. Sammlung und Verwendung von Informationen Wir sammeln keine pers\u00f6nlichen Daten von Besucher_innen unserer Website, mit Ausnahme der von Google Analytics (GA4) gesammelten Daten. [&hellip;]\" \/>\n<meta property=\"og:url\" content=\"https:\/\/www.expectart.eu\/de\/privacy-amp-cookies\/\" \/>\n<meta property=\"og:site_name\" content=\"EXPECT_Art\" \/>\n<meta property=\"article:publisher\" content=\"https:\/\/www.facebook.com\/EXPECTArtEU\" \/>\n<meta property=\"article:modified_time\" content=\"2024-06-25T12:56:43+00:00\" \/>\n<meta name=\"twitter:card\" content=\"summary_large_image\" \/>\n<meta name=\"twitter:label1\" content=\"Gesch\u00e4tzte Lesezeit\" \/>\n\t<meta name=\"twitter:data1\" content=\"3\u00a0Minuten\" \/>\n<script type=\"application\/ld+json\" class=\"yoast-schema-graph\">{\"@context\":\"https:\/\/schema.org\",\"@graph\":[{\"@type\":\"WebPage\",\"@id\":\"https:\/\/www.expectart.eu\/de\/privacy-amp-cookies\/\",\"url\":\"https:\/\/www.expectart.eu\/de\/privacy-amp-cookies\/\",\"name\":\"Privacy &amp; Cookies - EXPECT_Art\",\"isPartOf\":{\"@id\":\"https:\/\/www.expectart.eu\/#website\"},\"datePublished\":\"2024-04-26T06:35:19+00:00\",\"dateModified\":\"2024-06-25T12:56:43+00:00\",\"breadcrumb\":{\"@id\":\"https:\/\/www.expectart.eu\/de\/privacy-amp-cookies\/#breadcrumb\"},\"inLanguage\":\"de\",\"potentialAction\":[{\"@type\":\"ReadAction\",\"target\":[\"https:\/\/www.expectart.eu\/de\/privacy-amp-cookies\/\"]}]},{\"@type\":\"BreadcrumbList\",\"@id\":\"https:\/\/www.expectart.eu\/de\/privacy-amp-cookies\/#breadcrumb\",\"itemListElement\":[{\"@type\":\"ListItem\",\"position\":1,\"name\":\"Home\",\"item\":\"https:\/\/www.expectart.eu\/\"},{\"@type\":\"ListItem\",\"position\":2,\"name\":\"Privacy &amp; Cookies\"}]},{\"@type\":\"WebSite\",\"@id\":\"https:\/\/www.expectart.eu\/#website\",\"url\":\"https:\/\/www.expectart.eu\/\",\"name\":\"EXPECT_Art\",\"description\":\"EU Project\",\"publisher\":{\"@id\":\"https:\/\/www.expectart.eu\/#organization\"},\"potentialAction\":[{\"@type\":\"SearchAction\",\"target\":{\"@type\":\"EntryPoint\",\"urlTemplate\":\"https:\/\/www.expectart.eu\/?s={search_term_string}\"},\"query-input\":{\"@type\":\"PropertyValueSpecification\",\"valueRequired\":true,\"valueName\":\"search_term_string\"}}],\"inLanguage\":\"de\"},{\"@type\":\"Organization\",\"@id\":\"https:\/\/www.expectart.eu\/#organization\",\"name\":\"EXPECT_Art\",\"url\":\"https:\/\/www.expectart.eu\/\",\"logo\":{\"@type\":\"ImageObject\",\"inLanguage\":\"de\",\"@id\":\"https:\/\/www.expectart.eu\/#\/schema\/logo\/image\/\",\"url\":\"https:\/\/www.expectart.eu\/wp-content\/uploads\/2024\/04\/cropped-logo-rgb_without-text-02.png\",\"contentUrl\":\"https:\/\/www.expectart.eu\/wp-content\/uploads\/2024\/04\/cropped-logo-rgb_without-text-02.png\",\"width\":679,\"height\":139,\"caption\":\"EXPECT_Art\"},\"image\":{\"@id\":\"https:\/\/www.expectart.eu\/#\/schema\/logo\/image\/\"},\"sameAs\":[\"https:\/\/www.facebook.com\/EXPECTArtEU\",\"https:\/\/www.instagram.com\/expect_art_eu\/\"]}]}<\/script>\n<!-- \/ Yoast SEO plugin. -->","yoast_head_json":{"title":"Privacy &amp; Cookies - EXPECT_Art","robots":{"index":"noindex","follow":"nofollow"},"og_locale":"de_DE","og_type":"article","og_title":"Privacy &amp; Cookies - EXPECT_Art","og_description":"Privacy &#038; Cookies DATENSCHUTZ www.expectart.eu verpflichtet sich, die Privatsph\u00e4re seiner Besucher zu sch\u00fctzen. In dieser Datenschutzerkl\u00e4rung wird dargelegt, welche Arten von personenbezogenen Daten wir erfassen k\u00f6nnen und wie wir diese Daten verwenden. Sammlung und Verwendung von Informationen Wir sammeln keine pers\u00f6nlichen Daten von Besucher_innen unserer Website, mit Ausnahme der von Google Analytics (GA4) gesammelten Daten. [&hellip;]","og_url":"https:\/\/www.expectart.eu\/de\/privacy-amp-cookies\/","og_site_name":"EXPECT_Art","article_publisher":"https:\/\/www.facebook.com\/EXPECTArtEU","article_modified_time":"2024-06-25T12:56:43+00:00","twitter_card":"summary_large_image","twitter_misc":{"Gesch\u00e4tzte Lesezeit":"3\u00a0Minuten"},"schema":{"@context":"https:\/\/schema.org","@graph":[{"@type":"WebPage","@id":"https:\/\/www.expectart.eu\/de\/privacy-amp-cookies\/","url":"https:\/\/www.expectart.eu\/de\/privacy-amp-cookies\/","name":"Privacy &amp; Cookies - EXPECT_Art","isPartOf":{"@id":"https:\/\/www.expectart.eu\/#website"},"datePublished":"2024-04-26T06:35:19+00:00","dateModified":"2024-06-25T12:56:43+00:00","breadcrumb":{"@id":"https:\/\/www.expectart.eu\/de\/privacy-amp-cookies\/#breadcrumb"},"inLanguage":"de","potentialAction":[{"@type":"ReadAction","target":["https:\/\/www.expectart.eu\/de\/privacy-amp-cookies\/"]}]},{"@type":"BreadcrumbList","@id":"https:\/\/www.expectart.eu\/de\/privacy-amp-cookies\/#breadcrumb","itemListElement":[{"@type":"ListItem","position":1,"name":"Home","item":"https:\/\/www.expectart.eu\/"},{"@type":"ListItem","position":2,"name":"Privacy &amp; Cookies"}]},{"@type":"WebSite","@id":"https:\/\/www.expectart.eu\/#website","url":"https:\/\/www.expectart.eu\/","name":"EXPECT_Art","description":"EU Project","publisher":{"@id":"https:\/\/www.expectart.eu\/#organization"},"potentialAction":[{"@type":"SearchAction","target":{"@type":"EntryPoint","urlTemplate":"https:\/\/www.expectart.eu\/?s={search_term_string}"},"query-input":{"@type":"PropertyValueSpecification","valueRequired":true,"valueName":"search_term_string"}}],"inLanguage":"de"},{"@type":"Organization","@id":"https:\/\/www.expectart.eu\/#organization","name":"EXPECT_Art","url":"https:\/\/www.expectart.eu\/","logo":{"@type":"ImageObject","inLanguage":"de","@id":"https:\/\/www.expectart.eu\/#\/schema\/logo\/image\/","url":"https:\/\/www.expectart.eu\/wp-content\/uploads\/2024\/04\/cropped-logo-rgb_without-text-02.png","contentUrl":"https:\/\/www.expectart.eu\/wp-content\/uploads\/2024\/04\/cropped-logo-rgb_without-text-02.png","width":679,"height":139,"caption":"EXPECT_Art"},"image":{"@id":"https:\/\/www.expectart.eu\/#\/schema\/logo\/image\/"},"sameAs":["https:\/\/www.facebook.com\/EXPECTArtEU","https:\/\/www.instagram.com\/expect_art_eu\/"]}]}},"_links":{"self":[{"href":"https:\/\/www.expectart.eu\/de\/wp-json\/wp\/v2\/pages\/3089","targetHints":{"allow":["GET"]}}],"collection":[{"href":"https:\/\/www.expectart.eu\/de\/wp-json\/wp\/v2\/pages"}],"about":[{"href":"https:\/\/www.expectart.eu\/de\/wp-json\/wp\/v2\/types\/page"}],"author":[{"embeddable":true,"href":"https:\/\/www.expectart.eu\/de\/wp-json\/wp\/v2\/users\/1"}],"replies":[{"embeddable":true,"href":"https:\/\/www.expectart.eu\/de\/wp-json\/wp\/v2\/comments?post=3089"}],"version-history":[{"count":4,"href":"https:\/\/www.expectart.eu\/de\/wp-json\/wp\/v2\/pages\/3089\/revisions"}],"predecessor-version":[{"id":3093,"href":"https:\/\/www.expectart.eu\/de\/wp-json\/wp\/v2\/pages\/3089\/revisions\/3093"}],"wp:attachment":[{"href":"https:\/\/www.expectart.eu\/de\/wp-json\/wp\/v2\/media?parent=3089"}],"curies":[{"name":"wp","href":"https:\/\/api.w.org\/{rel}","templated":true}]}}