{"id":3137,"date":"2024-04-26T08:35:19","date_gmt":"2024-04-26T06:35:19","guid":{"rendered":"https:\/\/www.expectart.eu\/?page_id=3137"},"modified":"2024-06-25T15:34:47","modified_gmt":"2024-06-25T13:34:47","slug":"privadesa-amp-cookies","status":"publish","type":"page","link":"https:\/\/www.expectart.eu\/ca\/privadesa-amp-cookies\/","title":{"rendered":"Privadesa &amp; Cookies"},"content":{"rendered":"\t\t<div data-elementor-type=\"wp-post\" data-elementor-id=\"3137\" class=\"elementor elementor-3137 elementor-2214\" data-elementor-post-type=\"page\">\n\t\t\t\t\t\t<section class=\"elementor-section elementor-top-section elementor-element elementor-element-1aa618c elementor-section-height-min-height elementor-section-boxed elementor-section-height-default elementor-section-items-middle\" data-id=\"1aa618c\" data-element_type=\"section\" data-e-type=\"section\" data-settings=\"{&quot;background_background&quot;:&quot;classic&quot;}\">\n\t\t\t\t\t\t\t<div class=\"elementor-background-overlay\"><\/div>\n\t\t\t\t\t\t\t<div class=\"elementor-container elementor-column-gap-default\">\n\t\t\t\t\t<div class=\"elementor-column elementor-col-100 elementor-top-column elementor-element elementor-element-2677429\" data-id=\"2677429\" data-element_type=\"column\" data-e-type=\"column\" data-settings=\"{&quot;background_background&quot;:&quot;classic&quot;}\">\n\t\t\t<div class=\"elementor-widget-wrap elementor-element-populated\">\n\t\t\t\t\t<div class=\"elementor-background-overlay\"><\/div>\n\t\t\t\t\t\t<div class=\"elementor-element elementor-element-a54abd3 elementor-widget elementor-widget-heading\" data-id=\"a54abd3\" data-element_type=\"widget\" data-e-type=\"widget\" data-widget_type=\"heading.default\">\n\t\t\t\t<div class=\"elementor-widget-container\">\n\t\t\t\t\t<h1 class=\"elementor-heading-title elementor-size-default\">Privadesa &amp; Cookies<\/h1>\t\t\t\t<\/div>\n\t\t\t\t<\/div>\n\t\t\t\t\t<\/div>\n\t\t<\/div>\n\t\t\t\t\t<\/div>\n\t\t<\/section>\n\t\t\t\t<section class=\"elementor-section elementor-top-section elementor-element elementor-element-48a1982 elementor-section-boxed elementor-section-height-default elementor-section-height-default\" data-id=\"48a1982\" data-element_type=\"section\" data-e-type=\"section\">\n\t\t\t\t\t\t<div class=\"elementor-container elementor-column-gap-default\">\n\t\t\t\t\t<div class=\"elementor-column elementor-col-100 elementor-top-column elementor-element elementor-element-36debaf\" data-id=\"36debaf\" data-element_type=\"column\" data-e-type=\"column\">\n\t\t\t<div class=\"elementor-widget-wrap elementor-element-populated\">\n\t\t\t\t\t\t<div class=\"elementor-element elementor-element-0a324c3 elementor-widget elementor-widget-heading\" data-id=\"0a324c3\" data-element_type=\"widget\" data-e-type=\"widget\" data-widget_type=\"heading.default\">\n\t\t\t\t<div class=\"elementor-widget-container\">\n\t\t\t\t\t<h2 class=\"elementor-heading-title elementor-size-default\">POL\u00cdTICA DE PRIVADESA<\/h2>\t\t\t\t<\/div>\n\t\t\t\t<\/div>\n\t\t\t\t<div class=\"elementor-element elementor-element-c48c550 elementor-widget elementor-widget-text-editor\" data-id=\"c48c550\" data-element_type=\"widget\" data-e-type=\"widget\" data-widget_type=\"text-editor.default\">\n\t\t\t\t<div class=\"elementor-widget-container\">\n\t\t\t\t\t\t\t\t\t<p>A www.expectart.eu, ens comprometem a protegir la privadesa dels nostres visitants. Aquesta Pol\u00edtica de Privadesa descriu els tipus d\u2019informaci\u00f3 personal que podem recopilar i com fem servir aquesta informaci\u00f3.<\/p><p><strong>Recollida i \u00fas d\u2019informaci\u00f3<\/strong><\/p><p>No recopilem cap informaci\u00f3 personal dels visitants del nostre lloc web, excepte les dades recopilades per Google Analytics (GA4). Google Analytics \u00e9s un servei d\u2019an\u00e0lisi web que rastreja i informa del tr\u00e0nsit del lloc web. Utilitzem Google Analytics per ajudar-nos a comprendre com s\u2019utilitza el nostre lloc web i com el podem millorar.<\/p><p>Google Analytics utilitza galetes i altres tecnologies per recopilar informaci\u00f3 sobre l\u2019\u00fas del lloc web. Aquesta informaci\u00f3 s\u2019utilitza per crear informes sobre l\u2019activitat del lloc web i per proporcionar altres serveis relacionats amb l\u2019activitat del lloc web i l\u2019\u00fas d&#8217;Internet. Google tamb\u00e9 podr\u00e0 transferir aquesta informaci\u00f3 a tercers quan aix\u00ed ho requereixi la llei, o quan aquests tercers processin la informaci\u00f3 per compte de Google.<\/p><p>Per obtenir m\u00e9s informaci\u00f3 sobre com Google Analytics recopila i processa dades, visiteu: <a href=\"https:\/\/policies.google.com\/technologies\/partner-sites\">https:\/\/policies.google.com\/technologies\/partner-sites<\/a><\/p><p><strong>Llocs web de tercers<\/strong><\/p><p>El nostre lloc web pot contenir enlla\u00e7os a llocs web de tercers. No tenim control sobre les pr\u00e0ctiques de privadesa o el contingut d\u2019aquests llocs web. Us recomanem que reviseu les pol\u00edtiques de privadesa d\u2019aquests llocs web de tercers abans de proporcionar-los qualsevol informaci\u00f3 personal.<\/p><p><strong>Canvis en la nostra pol\u00edtica de privadesa<\/strong><\/p><p>Podem actualitzar la nostra Pol\u00edtica de Privadesa de tant en tant. Qualsevol canvi que realitzem a la nostra Pol\u00edtica de Privadesa es publicar\u00e0 en aquesta p\u00e0gina. Us recomanem que reviseu aquesta Pol\u00edtica de privadesa amb regularitat per mantenir-vos informats sobre com protegim la vostra informaci\u00f3 personal.<\/p>\t\t\t\t\t\t\t\t<\/div>\n\t\t\t\t<\/div>\n\t\t\t\t\t<\/div>\n\t\t<\/div>\n\t\t\t\t\t<\/div>\n\t\t<\/section>\n\t\t\t\t<section class=\"elementor-section elementor-top-section elementor-element elementor-element-778f3fe elementor-section-boxed elementor-section-height-default elementor-section-height-default\" data-id=\"778f3fe\" data-element_type=\"section\" data-e-type=\"section\">\n\t\t\t\t\t\t<div class=\"elementor-container elementor-column-gap-default\">\n\t\t\t\t\t<div class=\"elementor-column elementor-col-100 elementor-top-column elementor-element elementor-element-32c5a4c\" data-id=\"32c5a4c\" data-element_type=\"column\" data-e-type=\"column\">\n\t\t\t<div class=\"elementor-widget-wrap elementor-element-populated\">\n\t\t\t\t\t\t<div class=\"elementor-element elementor-element-0e28b09 elementor-widget-divider--view-line_icon elementor-view-default elementor-widget-divider--element-align-center elementor-widget elementor-widget-divider\" data-id=\"0e28b09\" data-element_type=\"widget\" data-e-type=\"widget\" data-widget_type=\"divider.default\">\n\t\t\t\t<div class=\"elementor-widget-container\">\n\t\t\t\t\t\t\t<div class=\"elementor-divider\">\n\t\t\t<span class=\"elementor-divider-separator\">\n\t\t\t\t\t\t\t<div class=\"elementor-icon elementor-divider__element\">\n\t\t\t\t\t<svg aria-hidden=\"true\" class=\"e-font-icon-svg e-fas-circle\" viewBox=\"0 0 512 512\" xmlns=\"http:\/\/www.w3.org\/2000\/svg\"><path d=\"M256 8C119 8 8 119 8 256s111 248 248 248 248-111 248-248S393 8 256 8z\"><\/path><\/svg><\/div>\n\t\t\t\t\t\t<\/span>\n\t\t<\/div>\n\t\t\t\t\t\t<\/div>\n\t\t\t\t<\/div>\n\t\t\t\t\t<\/div>\n\t\t<\/div>\n\t\t\t\t\t<\/div>\n\t\t<\/section>\n\t\t\t\t<section class=\"elementor-section elementor-top-section elementor-element elementor-element-60130b6 elementor-section-boxed elementor-section-height-default elementor-section-height-default\" data-id=\"60130b6\" data-element_type=\"section\" data-e-type=\"section\">\n\t\t\t\t\t\t<div class=\"elementor-container elementor-column-gap-default\">\n\t\t\t\t\t<div class=\"elementor-column elementor-col-100 elementor-top-column elementor-element elementor-element-5ada997\" data-id=\"5ada997\" data-element_type=\"column\" data-e-type=\"column\">\n\t\t\t<div class=\"elementor-widget-wrap elementor-element-populated\">\n\t\t\t\t\t\t<div class=\"elementor-element elementor-element-f4b3d39 elementor-widget elementor-widget-heading\" data-id=\"f4b3d39\" data-element_type=\"widget\" data-e-type=\"widget\" data-widget_type=\"heading.default\">\n\t\t\t\t<div class=\"elementor-widget-container\">\n\t\t\t\t\t<h2 class=\"elementor-heading-title elementor-size-default\">POL\u00cdTICA DE COOKIES<\/h2>\t\t\t\t<\/div>\n\t\t\t\t<\/div>\n\t\t\t\t<div class=\"elementor-element elementor-element-e8d55fb elementor-widget elementor-widget-text-editor\" data-id=\"e8d55fb\" data-element_type=\"widget\" data-e-type=\"widget\" data-widget_type=\"text-editor.default\">\n\t\t\t\t<div class=\"elementor-widget-container\">\n\t\t\t\t\t\t\t\t\t<p>Una \u201ccookie\u201d (galeta) \u00e9s un petit fitxer de text que s\u2019emmagatzema al vostre ordinador o dispositiu m\u00f2bil quan visiteu un lloc web. Les galetes s\u2019utilitzen per ajudar els llocs web a recordar les prefer\u00e8ncies de l\u2019usuari, habilitar certes funcions i fer un seguiment de l\u2019\u00fas del lloc web.<\/p><p>Utilitzem cookies de Google Analytics al nostre lloc web per ajudar-nos a comprendre com s\u2019utilitza el nostre lloc web i com podem millorar-lo. Aquestes galetes recopilen informaci\u00f3 com la teva adre\u00e7a IP, les p\u00e0gines que visites i el temps que passes al nostre lloc web. Aquesta informaci\u00f3 s\u2019utilitza per crear informes sobre l\u2019activitat del lloc web i per proporcionar altres serveis relacionats amb l\u2019activitat del lloc web i l\u2019\u00fas d&#8217;Internet.<\/p><p>No utilitzem galetes per recopilar informaci\u00f3 personal dels nostres visitants. Podeu optar per acceptar o rebutjar les galetes. La majoria dels navegadors web accepten galetes autom\u00e0ticament, per\u00f2 normalment podeu modificar la configuraci\u00f3 del vostre navegador per rebutjar-les si ho preferiu. No obstant aix\u00f2, tingueu en compte que deshabilitar les galetes pot impedir-vos utilitzar certes funcions del nostre lloc web.<\/p><p>Per obtenir m\u00e9s informaci\u00f3 sobre com Google Analytics utilitza galetes i processa dades, visiteu: <a href=\"https:\/\/policies.google.com\/technologies\/partner-sites\">https:\/\/policies.google.com\/technologies\/partner-sites<\/a><\/p>\t\t\t\t\t\t\t\t<\/div>\n\t\t\t\t<\/div>\n\t\t\t\t\t<\/div>\n\t\t<\/div>\n\t\t\t\t\t<\/div>\n\t\t<\/section>\n\t\t\t\t<section class=\"elementor-section elementor-top-section elementor-element elementor-element-bd29c10 elementor-section-height-min-height elementor-section-boxed elementor-section-height-default elementor-section-items-middle\" data-id=\"bd29c10\" data-element_type=\"section\" data-e-type=\"section\" data-settings=\"{&quot;background_background&quot;:&quot;classic&quot;}\">\n\t\t\t\t\t\t<div class=\"elementor-container elementor-column-gap-default\">\n\t\t\t\t\t<div class=\"elementor-column elementor-col-100 elementor-top-column elementor-element elementor-element-f8ce7bb\" data-id=\"f8ce7bb\" data-element_type=\"column\" data-e-type=\"column\">\n\t\t\t<div class=\"elementor-widget-wrap\">\n\t\t\t\t\t\t\t<\/div>\n\t\t<\/div>\n\t\t\t\t\t<\/div>\n\t\t<\/section>\n\t\t\t\t<\/div>\n\t\t","protected":false},"excerpt":{"rendered":"<p>Privadesa &#038; Cookies POL\u00cdTICA DE PRIVADESA A www.expectart.eu, ens comprometem a protegir la privadesa dels nostres visitants. Aquesta Pol\u00edtica de Privadesa descriu els tipus d\u2019informaci\u00f3 personal que podem recopilar i com fem servir aquesta informaci\u00f3. Recollida i \u00fas d\u2019informaci\u00f3 No recopilem cap informaci\u00f3 personal dels visitants del nostre lloc web, excepte les dades recopilades per [&hellip;]<\/p>\n","protected":false},"author":1,"featured_media":0,"parent":0,"menu_order":0,"comment_status":"closed","ping_status":"closed","template":"","meta":{"site-sidebar-layout":"no-sidebar","site-content-layout":"page-builder","ast-site-content-layout":"full-width-container","site-content-style":"unboxed","site-sidebar-style":"unboxed","ast-global-header-display":"","ast-banner-title-visibility":"","ast-main-header-display":"","ast-hfb-above-header-display":"","ast-hfb-below-header-display":"","ast-hfb-mobile-header-display":"","site-post-title":"disabled","ast-breadcrumbs-content":"","ast-featured-img":"disabled","footer-sml-layout":"","ast-disable-related-posts":"","theme-transparent-header-meta":"","adv-header-id-meta":"","stick-header-meta":"default","header-above-stick-meta":"","header-main-stick-meta":"","header-below-stick-meta":"","astra-migrate-meta-layouts":"set","ast-page-background-enabled":"default","ast-page-background-meta":{"desktop":{"background-color":"","background-image":"","background-repeat":"repeat","background-position":"center center","background-size":"auto","background-attachment":"scroll","background-type":"","background-media":"","overlay-type":"","overlay-color":"","overlay-opacity":"","overlay-gradient":""},"tablet":{"background-color":"","background-image":"","background-repeat":"repeat","background-position":"center center","background-size":"auto","background-attachment":"scroll","background-type":"","background-media":"","overlay-type":"","overlay-color":"","overlay-opacity":"","overlay-gradient":""},"mobile":{"background-color":"","background-image":"","background-repeat":"repeat","background-position":"center center","background-size":"auto","background-attachment":"scroll","background-type":"","background-media":"","overlay-type":"","overlay-color":"","overlay-opacity":"","overlay-gradient":""}},"ast-content-background-meta":{"desktop":{"background-color":"var(--ast-global-color-5)","background-image":"","background-repeat":"repeat","background-position":"center center","background-size":"auto","background-attachment":"scroll","background-type":"","background-media":"","overlay-type":"","overlay-color":"","overlay-opacity":"","overlay-gradient":""},"tablet":{"background-color":"var(--ast-global-color-5)","background-image":"","background-repeat":"repeat","background-position":"center center","background-size":"auto","background-attachment":"scroll","background-type":"","background-media":"","overlay-type":"","overlay-color":"","overlay-opacity":"","overlay-gradient":""},"mobile":{"background-color":"var(--ast-global-color-5)","background-image":"","background-repeat":"repeat","background-position":"center center","background-size":"auto","background-attachment":"scroll","background-type":"","background-media":"","overlay-type":"","overlay-color":"","overlay-opacity":"","overlay-gradient":""}},"footnotes":""},"class_list":["post-3137","page","type-page","status-publish","hentry"],"yoast_head":"<!-- This site is optimized with the Yoast SEO plugin v27.5 - https:\/\/yoast.com\/product\/yoast-seo-wordpress\/ -->\n<title>Privadesa &amp; Cookies - EXPECT_Art<\/title>\n<meta name=\"robots\" content=\"noindex, nofollow\" \/>\n<meta property=\"og:locale\" content=\"ca_ES\" \/>\n<meta property=\"og:type\" content=\"article\" \/>\n<meta property=\"og:title\" content=\"Privadesa &amp; Cookies - EXPECT_Art\" \/>\n<meta property=\"og:description\" content=\"Privadesa &#038; Cookies POL\u00cdTICA DE PRIVADESA A www.expectart.eu, ens comprometem a protegir la privadesa dels nostres visitants. Aquesta Pol\u00edtica de Privadesa descriu els tipus d\u2019informaci\u00f3 personal que podem recopilar i com fem servir aquesta informaci\u00f3. Recollida i \u00fas d\u2019informaci\u00f3 No recopilem cap informaci\u00f3 personal dels visitants del nostre lloc web, excepte les dades recopilades per [&hellip;]\" \/>\n<meta property=\"og:url\" content=\"https:\/\/www.expectart.eu\/ca\/privadesa-amp-cookies\/\" \/>\n<meta property=\"og:site_name\" content=\"EXPECT_Art\" \/>\n<meta property=\"article:publisher\" content=\"https:\/\/www.facebook.com\/EXPECTArtEU\" \/>\n<meta property=\"article:modified_time\" content=\"2024-06-25T13:34:47+00:00\" \/>\n<meta name=\"twitter:card\" content=\"summary_large_image\" \/>\n<meta name=\"twitter:label1\" content=\"Temps estimat de lectura\" \/>\n\t<meta name=\"twitter:data1\" content=\"3 minuts\" \/>\n<script type=\"application\/ld+json\" class=\"yoast-schema-graph\">{\"@context\":\"https:\\\/\\\/schema.org\",\"@graph\":[{\"@type\":\"WebPage\",\"@id\":\"https:\\\/\\\/www.expectart.eu\\\/ca\\\/privadesa-amp-cookies\\\/\",\"url\":\"https:\\\/\\\/www.expectart.eu\\\/ca\\\/privadesa-amp-cookies\\\/\",\"name\":\"Privadesa &amp; Cookies - EXPECT_Art\",\"isPartOf\":{\"@id\":\"https:\\\/\\\/www.expectart.eu\\\/#website\"},\"datePublished\":\"2024-04-26T06:35:19+00:00\",\"dateModified\":\"2024-06-25T13:34:47+00:00\",\"breadcrumb\":{\"@id\":\"https:\\\/\\\/www.expectart.eu\\\/ca\\\/privadesa-amp-cookies\\\/#breadcrumb\"},\"inLanguage\":\"ca\",\"potentialAction\":[{\"@type\":\"ReadAction\",\"target\":[\"https:\\\/\\\/www.expectart.eu\\\/ca\\\/privadesa-amp-cookies\\\/\"]}]},{\"@type\":\"BreadcrumbList\",\"@id\":\"https:\\\/\\\/www.expectart.eu\\\/ca\\\/privadesa-amp-cookies\\\/#breadcrumb\",\"itemListElement\":[{\"@type\":\"ListItem\",\"position\":1,\"name\":\"Home\",\"item\":\"https:\\\/\\\/www.expectart.eu\\\/\"},{\"@type\":\"ListItem\",\"position\":2,\"name\":\"Privadesa &amp; Cookies\"}]},{\"@type\":\"WebSite\",\"@id\":\"https:\\\/\\\/www.expectart.eu\\\/#website\",\"url\":\"https:\\\/\\\/www.expectart.eu\\\/\",\"name\":\"EXPECT_Art\",\"description\":\"EU Project\",\"publisher\":{\"@id\":\"https:\\\/\\\/www.expectart.eu\\\/#organization\"},\"potentialAction\":[{\"@type\":\"SearchAction\",\"target\":{\"@type\":\"EntryPoint\",\"urlTemplate\":\"https:\\\/\\\/www.expectart.eu\\\/?s={search_term_string}\"},\"query-input\":{\"@type\":\"PropertyValueSpecification\",\"valueRequired\":true,\"valueName\":\"search_term_string\"}}],\"inLanguage\":\"ca\"},{\"@type\":\"Organization\",\"@id\":\"https:\\\/\\\/www.expectart.eu\\\/#organization\",\"name\":\"EXPECT_Art\",\"url\":\"https:\\\/\\\/www.expectart.eu\\\/\",\"logo\":{\"@type\":\"ImageObject\",\"inLanguage\":\"ca\",\"@id\":\"https:\\\/\\\/www.expectart.eu\\\/#\\\/schema\\\/logo\\\/image\\\/\",\"url\":\"https:\\\/\\\/www.expectart.eu\\\/wp-content\\\/uploads\\\/2024\\\/04\\\/cropped-logo-rgb_without-text-02.png\",\"contentUrl\":\"https:\\\/\\\/www.expectart.eu\\\/wp-content\\\/uploads\\\/2024\\\/04\\\/cropped-logo-rgb_without-text-02.png\",\"width\":679,\"height\":139,\"caption\":\"EXPECT_Art\"},\"image\":{\"@id\":\"https:\\\/\\\/www.expectart.eu\\\/#\\\/schema\\\/logo\\\/image\\\/\"},\"sameAs\":[\"https:\\\/\\\/www.facebook.com\\\/EXPECTArtEU\",\"https:\\\/\\\/www.instagram.com\\\/expect_art_eu\\\/\"]}]}<\/script>\n<!-- \/ Yoast SEO plugin. -->","yoast_head_json":{"title":"Privadesa &amp; Cookies - EXPECT_Art","robots":{"index":"noindex","follow":"nofollow"},"og_locale":"ca_ES","og_type":"article","og_title":"Privadesa &amp; Cookies - EXPECT_Art","og_description":"Privadesa &#038; Cookies POL\u00cdTICA DE PRIVADESA A www.expectart.eu, ens comprometem a protegir la privadesa dels nostres visitants. Aquesta Pol\u00edtica de Privadesa descriu els tipus d\u2019informaci\u00f3 personal que podem recopilar i com fem servir aquesta informaci\u00f3. Recollida i \u00fas d\u2019informaci\u00f3 No recopilem cap informaci\u00f3 personal dels visitants del nostre lloc web, excepte les dades recopilades per [&hellip;]","og_url":"https:\/\/www.expectart.eu\/ca\/privadesa-amp-cookies\/","og_site_name":"EXPECT_Art","article_publisher":"https:\/\/www.facebook.com\/EXPECTArtEU","article_modified_time":"2024-06-25T13:34:47+00:00","twitter_card":"summary_large_image","twitter_misc":{"Temps estimat de lectura":"3 minuts"},"schema":{"@context":"https:\/\/schema.org","@graph":[{"@type":"WebPage","@id":"https:\/\/www.expectart.eu\/ca\/privadesa-amp-cookies\/","url":"https:\/\/www.expectart.eu\/ca\/privadesa-amp-cookies\/","name":"Privadesa &amp; Cookies - EXPECT_Art","isPartOf":{"@id":"https:\/\/www.expectart.eu\/#website"},"datePublished":"2024-04-26T06:35:19+00:00","dateModified":"2024-06-25T13:34:47+00:00","breadcrumb":{"@id":"https:\/\/www.expectart.eu\/ca\/privadesa-amp-cookies\/#breadcrumb"},"inLanguage":"ca","potentialAction":[{"@type":"ReadAction","target":["https:\/\/www.expectart.eu\/ca\/privadesa-amp-cookies\/"]}]},{"@type":"BreadcrumbList","@id":"https:\/\/www.expectart.eu\/ca\/privadesa-amp-cookies\/#breadcrumb","itemListElement":[{"@type":"ListItem","position":1,"name":"Home","item":"https:\/\/www.expectart.eu\/"},{"@type":"ListItem","position":2,"name":"Privadesa &amp; Cookies"}]},{"@type":"WebSite","@id":"https:\/\/www.expectart.eu\/#website","url":"https:\/\/www.expectart.eu\/","name":"EXPECT_Art","description":"EU Project","publisher":{"@id":"https:\/\/www.expectart.eu\/#organization"},"potentialAction":[{"@type":"SearchAction","target":{"@type":"EntryPoint","urlTemplate":"https:\/\/www.expectart.eu\/?s={search_term_string}"},"query-input":{"@type":"PropertyValueSpecification","valueRequired":true,"valueName":"search_term_string"}}],"inLanguage":"ca"},{"@type":"Organization","@id":"https:\/\/www.expectart.eu\/#organization","name":"EXPECT_Art","url":"https:\/\/www.expectart.eu\/","logo":{"@type":"ImageObject","inLanguage":"ca","@id":"https:\/\/www.expectart.eu\/#\/schema\/logo\/image\/","url":"https:\/\/www.expectart.eu\/wp-content\/uploads\/2024\/04\/cropped-logo-rgb_without-text-02.png","contentUrl":"https:\/\/www.expectart.eu\/wp-content\/uploads\/2024\/04\/cropped-logo-rgb_without-text-02.png","width":679,"height":139,"caption":"EXPECT_Art"},"image":{"@id":"https:\/\/www.expectart.eu\/#\/schema\/logo\/image\/"},"sameAs":["https:\/\/www.facebook.com\/EXPECTArtEU","https:\/\/www.instagram.com\/expect_art_eu\/"]}]}},"_links":{"self":[{"href":"https:\/\/www.expectart.eu\/ca\/wp-json\/wp\/v2\/pages\/3137","targetHints":{"allow":["GET"]}}],"collection":[{"href":"https:\/\/www.expectart.eu\/ca\/wp-json\/wp\/v2\/pages"}],"about":[{"href":"https:\/\/www.expectart.eu\/ca\/wp-json\/wp\/v2\/types\/page"}],"author":[{"embeddable":true,"href":"https:\/\/www.expectart.eu\/ca\/wp-json\/wp\/v2\/users\/1"}],"replies":[{"embeddable":true,"href":"https:\/\/www.expectart.eu\/ca\/wp-json\/wp\/v2\/comments?post=3137"}],"version-history":[{"count":4,"href":"https:\/\/www.expectart.eu\/ca\/wp-json\/wp\/v2\/pages\/3137\/revisions"}],"predecessor-version":[{"id":3141,"href":"https:\/\/www.expectart.eu\/ca\/wp-json\/wp\/v2\/pages\/3137\/revisions\/3141"}],"wp:attachment":[{"href":"https:\/\/www.expectart.eu\/ca\/wp-json\/wp\/v2\/media?parent=3137"}],"curies":[{"name":"wp","href":"https:\/\/api.w.org\/{rel}","templated":true}]}}